{"id":5190,"date":"2025-11-10T15:40:56","date_gmt":"2025-11-10T14:40:56","guid":{"rendered":"https:\/\/towerenglish.net\/blog\/"},"modified":"2025-11-11T10:27:47","modified_gmt":"2025-11-11T09:27:47","slug":"blog-2","status":"publish","type":"page","link":"https:\/\/towerenglish.net\/ca\/blog-2\/","title":{"rendered":"Blog"},"content":{"rendered":"\t\t<div data-elementor-type=\"wp-page\" data-elementor-id=\"5190\" class=\"elementor elementor-5190 elementor-5186\" data-elementor-post-type=\"page\">\n\t\t\t\t\t\t<section class=\"elementor-section elementor-top-section elementor-element elementor-element-2598851 elementor-section-height-min-height elementor-section-items-stretch elementor-section-boxed elementor-section-height-default\" data-id=\"2598851\" data-element_type=\"section\" data-settings=\"{&quot;background_background&quot;:&quot;classic&quot;}\">\n\t\t\t\t\t\t<div class=\"elementor-container elementor-column-gap-default\">\n\t\t\t\t\t<div class=\"elementor-column elementor-col-50 elementor-top-column elementor-element elementor-element-bd077a1\" data-id=\"bd077a1\" data-element_type=\"column\">\n\t\t\t<div class=\"elementor-widget-wrap elementor-element-populated\">\n\t\t\t\t\t\t<div class=\"elementor-element elementor-element-3bfaf74 elementor-widget elementor-widget-heading\" data-id=\"3bfaf74\" data-element_type=\"widget\" data-widget_type=\"heading.default\">\n\t\t\t\t<div class=\"elementor-widget-container\">\n\t\t\t\t\t<h1 class=\"elementor-heading-title elementor-size-default\">Apr\u00e8n, millora i gaudeix de l'angl\u00e8s<\/h1>\t\t\t\t<\/div>\n\t\t\t\t<\/div>\n\t\t\t\t<div class=\"elementor-element elementor-element-6623f6e elementor-widget elementor-widget-heading\" data-id=\"6623f6e\" data-element_type=\"widget\" data-widget_type=\"heading.default\">\n\t\t\t\t<div class=\"elementor-widget-container\">\n\t\t\t\t\t<h2 class=\"elementor-heading-title elementor-size-default\">Blog<\/h2>\t\t\t\t<\/div>\n\t\t\t\t<\/div>\n\t\t\t\t<div class=\"elementor-element elementor-element-8c2809e elementor-widget elementor-widget-heading\" data-id=\"8c2809e\" data-element_type=\"widget\" data-widget_type=\"heading.default\">\n\t\t\t\t<div class=\"elementor-widget-container\">\n\t\t\t\t\t<h1 class=\"elementor-heading-title elementor-size-default\">A Tower English, creiem que aprendre un idioma va molt m\u00e9s enll\u00e0 de les classes. Per aix\u00f2, en aquest espai trobar\u00e0s articles, consells i recursos pr\u00e0ctics per a millorar el teu angl\u00e8s cada dia.\u200b<\/h1>\t\t\t\t<\/div>\n\t\t\t\t<\/div>\n\t\t\t\t\t<\/div>\n\t\t<\/div>\n\t\t\t\t<div class=\"elementor-column elementor-col-50 elementor-top-column elementor-element elementor-element-883eccb\" data-id=\"883eccb\" data-element_type=\"column\">\n\t\t\t<div class=\"elementor-widget-wrap\">\n\t\t\t\t\t\t\t<\/div>\n\t\t<\/div>\n\t\t\t\t\t<\/div>\n\t\t<\/section>\n\t\t\t\t<section class=\"elementor-section elementor-top-section elementor-element elementor-element-78216b8 elementor-section-boxed elementor-section-height-default elementor-section-height-default\" data-id=\"78216b8\" data-element_type=\"section\">\n\t\t\t\t\t\t<div class=\"elementor-container elementor-column-gap-default\">\n\t\t\t\t\t<div class=\"elementor-column elementor-col-100 elementor-top-column elementor-element elementor-element-6ba400b\" data-id=\"6ba400b\" data-element_type=\"column\">\n\t\t\t<div class=\"elementor-widget-wrap elementor-element-populated\">\n\t\t\t\t\t\t<div class=\"elementor-element elementor-element-d3a7b26 elementor-widget elementor-widget-spacer\" data-id=\"d3a7b26\" data-element_type=\"widget\" data-widget_type=\"spacer.default\">\n\t\t\t\t<div class=\"elementor-widget-container\">\n\t\t\t\t\t\t\t<div class=\"elementor-spacer\">\n\t\t\t<div class=\"elementor-spacer-inner\"><\/div>\n\t\t<\/div>\n\t\t\t\t\t\t<\/div>\n\t\t\t\t<\/div>\n\t\t\t\t<div class=\"elementor-element elementor-element-1c1764b elementor-widget elementor-widget-heading\" data-id=\"1c1764b\" data-element_type=\"widget\" data-widget_type=\"heading.default\">\n\t\t\t\t<div class=\"elementor-widget-container\">\n\t\t\t\t\t<h3 class=\"elementor-heading-title elementor-size-default\">Continua aprenent amb nosaltres<\/h3>\t\t\t\t<\/div>\n\t\t\t\t<\/div>\n\t\t\t\t\t<\/div>\n\t\t<\/div>\n\t\t\t\t\t<\/div>\n\t\t<\/section>\n\t\t\t\t<section class=\"elementor-section elementor-top-section elementor-element elementor-element-49f0790 elementor-section-boxed elementor-section-height-default elementor-section-height-default\" data-id=\"49f0790\" data-element_type=\"section\">\n\t\t\t\t\t\t<div class=\"elementor-container elementor-column-gap-default\">\n\t\t\t\t\t<div class=\"elementor-column elementor-col-100 elementor-top-column elementor-element elementor-element-797c59f\" data-id=\"797c59f\" data-element_type=\"column\">\n\t\t\t<div class=\"elementor-widget-wrap elementor-element-populated\">\n\t\t\t\t\t\t<div class=\"elementor-element elementor-element-476930c elementor-widget-divider--view-line elementor-widget elementor-widget-divider\" data-id=\"476930c\" data-element_type=\"widget\" data-widget_type=\"divider.default\">\n\t\t\t\t<div class=\"elementor-widget-container\">\n\t\t\t\t\t\t\t<div class=\"elementor-divider\">\n\t\t\t<span class=\"elementor-divider-separator\">\n\t\t\t\t\t\t<\/span>\n\t\t<\/div>\n\t\t\t\t\t\t<\/div>\n\t\t\t\t<\/div>\n\t\t\t\t\t<\/div>\n\t\t<\/div>\n\t\t\t\t\t<\/div>\n\t\t<\/section>\n\t\t\t\t<section class=\"elementor-section elementor-top-section elementor-element elementor-element-2d0e511 elementor-section-boxed elementor-section-height-default elementor-section-height-default\" data-id=\"2d0e511\" data-element_type=\"section\">\n\t\t\t\t\t\t<div class=\"elementor-container elementor-column-gap-default\">\n\t\t\t\t\t<div class=\"elementor-column elementor-col-100 elementor-top-column elementor-element elementor-element-e2ab8c3\" data-id=\"e2ab8c3\" data-element_type=\"column\">\n\t\t\t<div class=\"elementor-widget-wrap elementor-element-populated\">\n\t\t\t\t\t\t<div class=\"elementor-element elementor-element-2e77421 elementor-grid-3 elementor-grid-tablet-2 elementor-grid-mobile-1 elementor-posts--thumbnail-top elementor-card-shadow-yes elementor-posts__hover-gradient elementor-widget elementor-widget-posts\" data-id=\"2e77421\" data-element_type=\"widget\" data-settings=\"{&quot;cards_row_gap&quot;:{&quot;unit&quot;:&quot;px&quot;,&quot;size&quot;:41,&quot;sizes&quot;:[]},&quot;pagination_type&quot;:&quot;prev_next&quot;,&quot;cards_columns&quot;:&quot;3&quot;,&quot;cards_columns_tablet&quot;:&quot;2&quot;,&quot;cards_columns_mobile&quot;:&quot;1&quot;,&quot;cards_row_gap_tablet&quot;:{&quot;unit&quot;:&quot;px&quot;,&quot;size&quot;:&quot;&quot;,&quot;sizes&quot;:[]},&quot;cards_row_gap_mobile&quot;:{&quot;unit&quot;:&quot;px&quot;,&quot;size&quot;:&quot;&quot;,&quot;sizes&quot;:[]}}\" data-widget_type=\"posts.cards\">\n\t\t\t\t<div class=\"elementor-widget-container\">\n\t\t\t\t\t\t\t<div class=\"elementor-posts-container elementor-posts elementor-posts--skin-cards elementor-grid\" role=\"list\">\n\t\t\t\t<article class=\"elementor-post elementor-grid-item post-5117 post type-post status-publish format-standard has-post-thumbnail hentry category-blog-ca\" role=\"listitem\">\n\t\t\t<div class=\"elementor-post__card\">\n\t\t\t\t<a class=\"elementor-post__thumbnail__link\" href=\"https:\/\/towerenglish.net\/ca\/ofertes-black-friday-angles-reus\/\" tabindex=\"-1\"><div class=\"elementor-post__thumbnail\"><img fetchpriority=\"high\" decoding=\"async\" width=\"300\" height=\"215\" src=\"https:\/\/towerenglish.net\/wp-content\/uploads\/2025\/11\/Captura-de-Pantalla-2025-11-10-a-las-12.49.53-300x215.png\" class=\"attachment-medium size-medium wp-image-5116\" alt=\"Ofertes Black Friday angl\u00e8s: apr\u00e8n m\u00e9s per menys\" srcset=\"https:\/\/towerenglish.net\/wp-content\/uploads\/2025\/11\/Captura-de-Pantalla-2025-11-10-a-las-12.49.53-300x215.png 300w, https:\/\/towerenglish.net\/wp-content\/uploads\/2025\/11\/Captura-de-Pantalla-2025-11-10-a-las-12.49.53.png 669w\" sizes=\"(max-width: 300px) 100vw, 300px\" \/><\/div><\/a>\n\t\t\t\t<div class=\"elementor-post__badge\">Blog<\/div>\n\t\t\t\t<div class=\"elementor-post__text\">\n\t\t\t\t<h3 class=\"elementor-post__title\">\n\t\t\t<a href=\"https:\/\/towerenglish.net\/ca\/ofertes-black-friday-angles-reus\/\">\n\t\t\t\tBlack Weeks: apr\u00e8n angl\u00e8s amb descompte a Tower English\t\t\t<\/a>\n\t\t<\/h3>\n\t\t\t\t<div class=\"elementor-post__excerpt\">\n\t\t\t<p>El novembre arriba amb bones not\u00edcies: les Black Weeks de<\/p>\n\t\t<\/div>\n\t\t\t\t\t<div class=\"elementor-post__read-more-wrapper\">\n\t\t\n\t\t<a class=\"elementor-post__read-more\" href=\"https:\/\/towerenglish.net\/ca\/ofertes-black-friday-angles-reus\/\" aria-label=\"Read more about Black Weeks: apr\u00e8n angl\u00e8s amb descompte a Tower English\" tabindex=\"-1\">\n\t\t\tLlegir m\u00e9s \u00bb\t\t<\/a>\n\n\t\t\t\t\t<\/div>\n\t\t\t\t<\/div>\n\t\t\t\t<div class=\"elementor-post__meta-data\">\n\t\t\t\t\t<span class=\"elementor-post-date\">\n\t\t\t10\/11\/2025\t\t<\/span>\n\t\t\t\t<\/div>\n\t\t\t\t\t<\/div>\n\t\t<\/article>\n\t\t\t\t<article class=\"elementor-post elementor-grid-item post-5113 post type-post status-publish format-standard has-post-thumbnail hentry category-blog-ca\" role=\"listitem\">\n\t\t\t<div class=\"elementor-post__card\">\n\t\t\t\t<a class=\"elementor-post__thumbnail__link\" href=\"https:\/\/towerenglish.net\/ca\/motivacion-para-aprender-ingles-reus\/\" tabindex=\"-1\"><div class=\"elementor-post__thumbnail\"><img decoding=\"async\" width=\"300\" height=\"214\" src=\"https:\/\/towerenglish.net\/wp-content\/uploads\/2025\/11\/Captura-de-Pantalla-2025-11-10-a-las-12.39.25-300x214.png\" class=\"attachment-medium size-medium wp-image-5112\" alt=\"motivaci\u00f3n para aprender ingl\u00e9s\" srcset=\"https:\/\/towerenglish.net\/wp-content\/uploads\/2025\/11\/Captura-de-Pantalla-2025-11-10-a-las-12.39.25-300x214.png 300w, https:\/\/towerenglish.net\/wp-content\/uploads\/2025\/11\/Captura-de-Pantalla-2025-11-10-a-las-12.39.25-768x547.png 768w, https:\/\/towerenglish.net\/wp-content\/uploads\/2025\/11\/Captura-de-Pantalla-2025-11-10-a-las-12.39.25.png 783w\" sizes=\"(max-width: 300px) 100vw, 300px\" \/><\/div><\/a>\n\t\t\t\t<div class=\"elementor-post__badge\">Blog<\/div>\n\t\t\t\t<div class=\"elementor-post__text\">\n\t\t\t\t<h3 class=\"elementor-post__title\">\n\t\t\t<a href=\"https:\/\/towerenglish.net\/ca\/motivacion-para-aprender-ingles-reus\/\">\n\t\t\t\tCom mantenir la motivaci\u00f3 per aprendre angl\u00e8s durant l\u2019hivern\t\t\t<\/a>\n\t\t<\/h3>\n\t\t\t\t<div class=\"elementor-post__excerpt\">\n\t\t\t<p>Quan arriba el fred i els dies s\u2019escurcen, \u00e9s habitual<\/p>\n\t\t<\/div>\n\t\t\t\t\t<div class=\"elementor-post__read-more-wrapper\">\n\t\t\n\t\t<a class=\"elementor-post__read-more\" href=\"https:\/\/towerenglish.net\/ca\/motivacion-para-aprender-ingles-reus\/\" aria-label=\"Read more about Com mantenir la motivaci\u00f3 per aprendre angl\u00e8s durant l\u2019hivern\" tabindex=\"-1\">\n\t\t\tLlegir m\u00e9s \u00bb\t\t<\/a>\n\n\t\t\t\t\t<\/div>\n\t\t\t\t<\/div>\n\t\t\t\t<div class=\"elementor-post__meta-data\">\n\t\t\t\t\t<span class=\"elementor-post-date\">\n\t\t\t01\/11\/2025\t\t<\/span>\n\t\t\t\t<\/div>\n\t\t\t\t\t<\/div>\n\t\t<\/article>\n\t\t\t\t<article class=\"elementor-post elementor-grid-item post-5104 post type-post status-publish format-standard has-post-thumbnail hentry category-blog-ca\" role=\"listitem\">\n\t\t\t<div class=\"elementor-post__card\">\n\t\t\t\t<a class=\"elementor-post__thumbnail__link\" href=\"https:\/\/towerenglish.net\/ca\/angles-per-al-futur-professional-impulsa\/\" tabindex=\"-1\"><div class=\"elementor-post__thumbnail\"><img decoding=\"async\" width=\"300\" height=\"184\" src=\"https:\/\/towerenglish.net\/wp-content\/uploads\/2025\/11\/Captura-de-Pantalla-2025-11-10-a-las-12.26.55-300x184.png\" class=\"attachment-medium size-medium wp-image-5102\" alt=\"futur professional\" srcset=\"https:\/\/towerenglish.net\/wp-content\/uploads\/2025\/11\/Captura-de-Pantalla-2025-11-10-a-las-12.26.55-300x184.png 300w, https:\/\/towerenglish.net\/wp-content\/uploads\/2025\/11\/Captura-de-Pantalla-2025-11-10-a-las-12.26.55-1024x627.png 1024w, https:\/\/towerenglish.net\/wp-content\/uploads\/2025\/11\/Captura-de-Pantalla-2025-11-10-a-las-12.26.55-768x470.png 768w, https:\/\/towerenglish.net\/wp-content\/uploads\/2025\/11\/Captura-de-Pantalla-2025-11-10-a-las-12.26.55.png 1384w\" sizes=\"(max-width: 300px) 100vw, 300px\" \/><\/div><\/a>\n\t\t\t\t<div class=\"elementor-post__badge\">Blog<\/div>\n\t\t\t\t<div class=\"elementor-post__text\">\n\t\t\t\t<h3 class=\"elementor-post__title\">\n\t\t\t<a href=\"https:\/\/towerenglish.net\/ca\/angles-per-al-futur-professional-impulsa\/\">\n\t\t\t\tL\u2019angl\u00e8s com a clau per al teu futur professional\t\t\t<\/a>\n\t\t<\/h3>\n\t\t\t\t<div class=\"elementor-post__excerpt\">\n\t\t\t<p>Dominar l\u2019angl\u00e8s per al futur professional ja no \u00e9s una<\/p>\n\t\t<\/div>\n\t\t\t\t\t<div class=\"elementor-post__read-more-wrapper\">\n\t\t\n\t\t<a class=\"elementor-post__read-more\" href=\"https:\/\/towerenglish.net\/ca\/angles-per-al-futur-professional-impulsa\/\" aria-label=\"Read more about L\u2019angl\u00e8s com a clau per al teu futur professional\" tabindex=\"-1\">\n\t\t\tLlegir m\u00e9s \u00bb\t\t<\/a>\n\n\t\t\t\t\t<\/div>\n\t\t\t\t<\/div>\n\t\t\t\t<div class=\"elementor-post__meta-data\">\n\t\t\t\t\t<span class=\"elementor-post-date\">\n\t\t\t15\/10\/2025\t\t<\/span>\n\t\t\t\t<\/div>\n\t\t\t\t\t<\/div>\n\t\t<\/article>\n\t\t\t\t<article class=\"elementor-post elementor-grid-item post-5096 post type-post status-publish format-standard has-post-thumbnail hentry category-blog-ca\" role=\"listitem\">\n\t\t\t<div class=\"elementor-post__card\">\n\t\t\t\t<a class=\"elementor-post__thumbnail__link\" href=\"https:\/\/towerenglish.net\/ca\/halloween-en-angles-apren-jugant-i-diverteix-te\/\" tabindex=\"-1\"><div class=\"elementor-post__thumbnail\"><img loading=\"lazy\" decoding=\"async\" width=\"300\" height=\"199\" src=\"https:\/\/towerenglish.net\/wp-content\/uploads\/2025\/11\/Captura-de-Pantalla-2025-11-10-a-las-12.19.03-300x199.png\" class=\"attachment-medium size-medium wp-image-5092\" alt=\"halloween en ingl\u00e9s\" srcset=\"https:\/\/towerenglish.net\/wp-content\/uploads\/2025\/11\/Captura-de-Pantalla-2025-11-10-a-las-12.19.03-300x199.png 300w, https:\/\/towerenglish.net\/wp-content\/uploads\/2025\/11\/Captura-de-Pantalla-2025-11-10-a-las-12.19.03-1024x680.png 1024w, https:\/\/towerenglish.net\/wp-content\/uploads\/2025\/11\/Captura-de-Pantalla-2025-11-10-a-las-12.19.03-768x510.png 768w, https:\/\/towerenglish.net\/wp-content\/uploads\/2025\/11\/Captura-de-Pantalla-2025-11-10-a-las-12.19.03.png 1279w\" sizes=\"(max-width: 300px) 100vw, 300px\" \/><\/div><\/a>\n\t\t\t\t<div class=\"elementor-post__badge\">Blog<\/div>\n\t\t\t\t<div class=\"elementor-post__text\">\n\t\t\t\t<h3 class=\"elementor-post__title\">\n\t\t\t<a href=\"https:\/\/towerenglish.net\/ca\/halloween-en-angles-apren-jugant-i-diverteix-te\/\">\n\t\t\t\tHalloween en angl\u00e8s: activitats i vocabulari per aprendre jugant\t\t\t<\/a>\n\t\t<\/h3>\n\t\t\t\t<div class=\"elementor-post__excerpt\">\n\t\t\t<p>L\u2019octubre \u00e9s el mes perfecte per aprendre vocabulari nou, sobretot<\/p>\n\t\t<\/div>\n\t\t\t\t\t<div class=\"elementor-post__read-more-wrapper\">\n\t\t\n\t\t<a class=\"elementor-post__read-more\" href=\"https:\/\/towerenglish.net\/ca\/halloween-en-angles-apren-jugant-i-diverteix-te\/\" aria-label=\"Read more about Halloween en angl\u00e8s: activitats i vocabulari per aprendre jugant\" tabindex=\"-1\">\n\t\t\tLlegir m\u00e9s \u00bb\t\t<\/a>\n\n\t\t\t\t\t<\/div>\n\t\t\t\t<\/div>\n\t\t\t\t<div class=\"elementor-post__meta-data\">\n\t\t\t\t\t<span class=\"elementor-post-date\">\n\t\t\t01\/10\/2025\t\t<\/span>\n\t\t\t\t<\/div>\n\t\t\t\t\t<\/div>\n\t\t<\/article>\n\t\t\t\t<article class=\"elementor-post elementor-grid-item post-5088 post type-post status-publish format-standard has-post-thumbnail hentry category-blog-ca\" role=\"listitem\">\n\t\t\t<div class=\"elementor-post__card\">\n\t\t\t\t<a class=\"elementor-post__thumbnail__link\" href=\"https:\/\/towerenglish.net\/ca\/curs-dangles-a-reus-tria-be-i-millora-rapid\/\" tabindex=\"-1\"><div class=\"elementor-post__thumbnail\"><img loading=\"lazy\" decoding=\"async\" width=\"300\" height=\"200\" src=\"https:\/\/towerenglish.net\/wp-content\/uploads\/2025\/11\/Captura-de-Pantalla-2025-11-10-a-las-12.12.33-300x200.png\" class=\"attachment-medium size-medium wp-image-5087\" alt=\"curso-de-ingles-en-reus-elige-bien-y-mejora-rapido\" srcset=\"https:\/\/towerenglish.net\/wp-content\/uploads\/2025\/11\/Captura-de-Pantalla-2025-11-10-a-las-12.12.33-300x200.png 300w, https:\/\/towerenglish.net\/wp-content\/uploads\/2025\/11\/Captura-de-Pantalla-2025-11-10-a-las-12.12.33-1024x681.png 1024w, https:\/\/towerenglish.net\/wp-content\/uploads\/2025\/11\/Captura-de-Pantalla-2025-11-10-a-las-12.12.33-768x511.png 768w, https:\/\/towerenglish.net\/wp-content\/uploads\/2025\/11\/Captura-de-Pantalla-2025-11-10-a-las-12.12.33.png 1284w\" sizes=\"(max-width: 300px) 100vw, 300px\" \/><\/div><\/a>\n\t\t\t\t<div class=\"elementor-post__badge\">Blog<\/div>\n\t\t\t\t<div class=\"elementor-post__text\">\n\t\t\t\t<h3 class=\"elementor-post__title\">\n\t\t\t<a href=\"https:\/\/towerenglish.net\/ca\/curs-dangles-a-reus-tria-be-i-millora-rapid\/\">\n\t\t\t\tCom triar el curs d\u2019angl\u00e8s ideal per al teu nivell i objectius\t\t\t<\/a>\n\t\t<\/h3>\n\t\t\t\t<div class=\"elementor-post__excerpt\">\n\t\t\t<p>Amb l\u2019arribada del setembre, moltes persones decideixen apuntar-se a un<\/p>\n\t\t<\/div>\n\t\t\t\t\t<div class=\"elementor-post__read-more-wrapper\">\n\t\t\n\t\t<a class=\"elementor-post__read-more\" href=\"https:\/\/towerenglish.net\/ca\/curs-dangles-a-reus-tria-be-i-millora-rapid\/\" aria-label=\"Read more about Com triar el curs d\u2019angl\u00e8s ideal per al teu nivell i objectius\" tabindex=\"-1\">\n\t\t\tLlegir m\u00e9s \u00bb\t\t<\/a>\n\n\t\t\t\t\t<\/div>\n\t\t\t\t<\/div>\n\t\t\t\t<div class=\"elementor-post__meta-data\">\n\t\t\t\t\t<span class=\"elementor-post-date\">\n\t\t\t15\/09\/2025\t\t<\/span>\n\t\t\t\t<\/div>\n\t\t\t\t\t<\/div>\n\t\t<\/article>\n\t\t\t\t<article class=\"elementor-post elementor-grid-item post-5082 post type-post status-publish format-standard has-post-thumbnail hentry category-blog-ca\" role=\"listitem\">\n\t\t\t<div class=\"elementor-post__card\">\n\t\t\t\t<a class=\"elementor-post__thumbnail__link\" href=\"https:\/\/towerenglish.net\/ca\/reprendre-classes-dangles-reus\/\" tabindex=\"-1\"><div class=\"elementor-post__thumbnail\"><img loading=\"lazy\" decoding=\"async\" width=\"300\" height=\"199\" src=\"https:\/\/towerenglish.net\/wp-content\/uploads\/2025\/11\/libro-300x199.png\" class=\"attachment-medium size-medium wp-image-5080\" alt=\"clases de ingl\u00e9s en Reus\" srcset=\"https:\/\/towerenglish.net\/wp-content\/uploads\/2025\/11\/libro-300x199.png 300w, https:\/\/towerenglish.net\/wp-content\/uploads\/2025\/11\/libro-1024x680.png 1024w, https:\/\/towerenglish.net\/wp-content\/uploads\/2025\/11\/libro-768x510.png 768w, https:\/\/towerenglish.net\/wp-content\/uploads\/2025\/11\/libro.png 1281w\" sizes=\"(max-width: 300px) 100vw, 300px\" \/><\/div><\/a>\n\t\t\t\t<div class=\"elementor-post__badge\">Blog<\/div>\n\t\t\t\t<div class=\"elementor-post__text\">\n\t\t\t\t<h3 class=\"elementor-post__title\">\n\t\t\t<a href=\"https:\/\/towerenglish.net\/ca\/reprendre-classes-dangles-reus\/\">\n\t\t\t\tTorna a la rutina: com reprendre les classes d\u2019angl\u00e8s amb energia\t\t\t<\/a>\n\t\t<\/h3>\n\t\t\t\t<div class=\"elementor-post__excerpt\">\n\t\t\t<p>El setembre marca el final de les vacances, els dies<\/p>\n\t\t<\/div>\n\t\t\t\t\t<div class=\"elementor-post__read-more-wrapper\">\n\t\t\n\t\t<a class=\"elementor-post__read-more\" href=\"https:\/\/towerenglish.net\/ca\/reprendre-classes-dangles-reus\/\" aria-label=\"Read more about Torna a la rutina: com reprendre les classes d\u2019angl\u00e8s amb energia\" tabindex=\"-1\">\n\t\t\tLlegir m\u00e9s \u00bb\t\t<\/a>\n\n\t\t\t\t\t<\/div>\n\t\t\t\t<\/div>\n\t\t\t\t<div class=\"elementor-post__meta-data\">\n\t\t\t\t\t<span class=\"elementor-post-date\">\n\t\t\t01\/09\/2025\t\t<\/span>\n\t\t\t\t<\/div>\n\t\t\t\t\t<\/div>\n\t\t<\/article>\n\t\t\t\t<\/div>\n\t\t\n\t\t\t\t<div class=\"e-load-more-anchor\" data-page=\"1\" data-max-page=\"4\" data-next-page=\"https:\/\/towerenglish.net\/ca\/wp-json\/wp\/v2\/pages\/5190\/page\/2\/\"><\/div>\n\t\t\t\t<nav class=\"elementor-pagination\" aria-label=\"Paginaci\u00f3\">\n\t\t\t<span class=\"page-numbers prev\">&laquo; Anterior<\/span>\n<a class=\"page-numbers next\" href=\"https:\/\/towerenglish.net\/ca\/wp-json\/wp\/v2\/pages\/5190\/page\/2\/\">Seg\u00fcent &raquo;<\/a>\t\t<\/nav>\n\t\t\t\t\t\t<\/div>\n\t\t\t\t<\/div>\n\t\t\t\t\t<\/div>\n\t\t<\/div>\n\t\t\t\t\t<\/div>\n\t\t<\/section>\n\t\t\t\t<section class=\"elementor-section elementor-top-section elementor-element elementor-element-4942c31 elementor-section-boxed elementor-section-height-default elementor-section-height-default\" data-id=\"4942c31\" data-element_type=\"section\">\n\t\t\t\t\t\t<div class=\"elementor-container elementor-column-gap-default\">\n\t\t\t\t\t<div class=\"elementor-column elementor-col-100 elementor-top-column elementor-element elementor-element-cd6636f\" data-id=\"cd6636f\" data-element_type=\"column\">\n\t\t\t<div class=\"elementor-widget-wrap elementor-element-populated\">\n\t\t\t\t\t\t<div class=\"elementor-element elementor-element-87d5b53 elementor-widget elementor-widget-spacer\" data-id=\"87d5b53\" data-element_type=\"widget\" data-widget_type=\"spacer.default\">\n\t\t\t\t<div class=\"elementor-widget-container\">\n\t\t\t\t\t\t\t<div class=\"elementor-spacer\">\n\t\t\t<div class=\"elementor-spacer-inner\"><\/div>\n\t\t<\/div>\n\t\t\t\t\t\t<\/div>\n\t\t\t\t<\/div>\n\t\t\t\t\t<\/div>\n\t\t<\/div>\n\t\t\t\t\t<\/div>\n\t\t<\/section>\n\t\t\t\t<\/div>\n\t\t","protected":false},"excerpt":{"rendered":"<p>Apr\u00e8n, millora i gaudeix de l&#8217;angl\u00e8s Blog A Tower English, creiem que aprendre un idioma va molt m\u00e9s enll\u00e0 de les classes. Per aix\u00f2, en aquest espai trobar\u00e0s articles, consells i recursos pr\u00e0ctics per a millorar el teu angl\u00e8s cada dia.\u200b Continua aprenent amb nosaltres<\/p>\n","protected":false},"author":2,"featured_media":0,"parent":0,"menu_order":0,"comment_status":"closed","ping_status":"closed","template":"elementor_header_footer","meta":{"_joinchat":[],"footnotes":""},"class_list":["post-5190","page","type-page","status-publish","hentry"],"_links":{"self":[{"href":"https:\/\/towerenglish.net\/ca\/wp-json\/wp\/v2\/pages\/5190","targetHints":{"allow":["GET"]}}],"collection":[{"href":"https:\/\/towerenglish.net\/ca\/wp-json\/wp\/v2\/pages"}],"about":[{"href":"https:\/\/towerenglish.net\/ca\/wp-json\/wp\/v2\/types\/page"}],"author":[{"embeddable":true,"href":"https:\/\/towerenglish.net\/ca\/wp-json\/wp\/v2\/users\/2"}],"replies":[{"embeddable":true,"href":"https:\/\/towerenglish.net\/ca\/wp-json\/wp\/v2\/comments?post=5190"}],"version-history":[{"count":0,"href":"https:\/\/towerenglish.net\/ca\/wp-json\/wp\/v2\/pages\/5190\/revisions"}],"wp:attachment":[{"href":"https:\/\/towerenglish.net\/ca\/wp-json\/wp\/v2\/media?parent=5190"}],"curies":[{"name":"wp","href":"https:\/\/api.w.org\/{rel}","templated":true}]}}