{"id":4375,"date":"2021-06-04T15:25:49","date_gmt":"2021-06-04T14:25:49","guid":{"rendered":"https:\/\/towerenglish.net\/classes-dangles-per-a-pilots\/"},"modified":"2021-06-21T22:05:01","modified_gmt":"2021-06-21T21:05:01","slug":"classes-dangles-per-a-pilots","status":"publish","type":"page","link":"https:\/\/towerenglish.net\/ca\/classes-dangles-per-a-pilots\/","title":{"rendered":"Classes d&#8217;angl\u00e8s per a pilots"},"content":{"rendered":"\t\t<div data-elementor-type=\"wp-page\" data-elementor-id=\"4375\" class=\"elementor elementor-4375 elementor-3871\" data-elementor-post-type=\"page\">\n\t\t\t\t\t\t<section class=\"elementor-section elementor-top-section elementor-element elementor-element-1a01fd7 elementor-section-height-min-height elementor-section-boxed elementor-section-height-default elementor-section-items-middle\" data-id=\"1a01fd7\" data-element_type=\"section\" data-e-type=\"section\" id=\"clases0\" data-settings=\"{&quot;background_background&quot;:&quot;classic&quot;}\">\n\t\t\t\t\t\t\t<div class=\"elementor-background-overlay\"><\/div>\n\t\t\t\t\t\t\t<div class=\"elementor-container elementor-column-gap-default\">\n\t\t\t\t\t<div class=\"elementor-column elementor-col-100 elementor-top-column elementor-element elementor-element-401a426 animated-slow elementor-invisible\" data-id=\"401a426\" data-element_type=\"column\" data-e-type=\"column\" data-settings=\"{&quot;animation&quot;:&quot;fadeInUp&quot;,&quot;animation_delay&quot;:500}\">\n\t\t\t<div class=\"elementor-widget-wrap elementor-element-populated\">\n\t\t\t\t\t\t<div class=\"elementor-element elementor-element-316ad3b elementor-invisible elementor-widget elementor-widget-text-editor\" data-id=\"316ad3b\" data-element_type=\"widget\" data-e-type=\"widget\" data-settings=\"{&quot;_animation&quot;:&quot;fadeInUp&quot;}\" data-widget_type=\"text-editor.default\">\n\t\t\t\t<div class=\"elementor-widget-container\">\n\t\t\t\t\t\t\t\t\t<h1 style=\"color: white;\">Classes d&#8217;angl\u00e8s per a pilots<\/h1>\n<p>Aeron\u00e0utica<\/p>\n\t\t\t\t\t\t\t\t<\/div>\n\t\t\t\t<\/div>\n\t\t\t\t\t<\/div>\n\t\t<\/div>\n\t\t\t\t\t<\/div>\n\t\t<\/section>\n\t\t\t\t<section class=\"elementor-section elementor-top-section elementor-element elementor-element-fc02247 paddingsecciones elementor-section-content-middle elementor-section-boxed elementor-section-height-default elementor-section-height-default elementor-invisible\" data-id=\"fc02247\" data-element_type=\"section\" data-e-type=\"section\" id=\"clases1\" data-settings=\"{&quot;animation&quot;:&quot;fadeInUp&quot;}\">\n\t\t\t\t\t\t<div class=\"elementor-container elementor-column-gap-wider\">\n\t\t\t\t\t<div class=\"elementor-column elementor-col-50 elementor-top-column elementor-element elementor-element-c4addaa animated-slow elementor-invisible\" data-id=\"c4addaa\" data-element_type=\"column\" data-e-type=\"column\" data-settings=\"{&quot;animation&quot;:&quot;fadeInUp&quot;,&quot;animation_delay&quot;:800}\">\n\t\t\t<div class=\"elementor-widget-wrap elementor-element-populated\">\n\t\t\t\t\t\t<div class=\"elementor-element elementor-element-7891fc4 elementor-widget elementor-widget-image\" data-id=\"7891fc4\" data-element_type=\"widget\" data-e-type=\"widget\" data-widget_type=\"image.default\">\n\t\t\t\t<div class=\"elementor-widget-container\">\n\t\t\t\t\t\t\t\t\t\t\t\t\t\t\t<img fetchpriority=\"high\" decoding=\"async\" width=\"665\" height=\"700\" src=\"https:\/\/towerenglish.net\/wp-content\/uploads\/2021\/05\/clases-de-ingles-examen-aeronautica.jpg\" class=\"attachment-full size-full wp-image-3889\" alt=\"classes-de-angles-examen-aeronautica\" srcset=\"https:\/\/towerenglish.net\/wp-content\/uploads\/2021\/05\/clases-de-ingles-examen-aeronautica.jpg 665w, https:\/\/towerenglish.net\/wp-content\/uploads\/2021\/05\/clases-de-ingles-examen-aeronautica-285x300.jpg 285w\" sizes=\"(max-width: 665px) 100vw, 665px\" \/>\t\t\t\t\t\t\t\t\t\t\t\t\t\t\t<\/div>\n\t\t\t\t<\/div>\n\t\t\t\t\t<\/div>\n\t\t<\/div>\n\t\t\t\t<div class=\"elementor-column elementor-col-50 elementor-top-column elementor-element elementor-element-f8d3a5b animated-slow elementor-invisible\" data-id=\"f8d3a5b\" data-element_type=\"column\" data-e-type=\"column\" data-settings=\"{&quot;animation&quot;:&quot;fadeInUp&quot;,&quot;animation_delay&quot;:800}\">\n\t\t\t<div class=\"elementor-widget-wrap elementor-element-populated\">\n\t\t\t\t\t\t<div class=\"elementor-element elementor-element-a3e9b9c elementor-widget elementor-widget-text-editor\" data-id=\"a3e9b9c\" data-element_type=\"widget\" data-e-type=\"widget\" data-widget_type=\"text-editor.default\">\n\t\t\t\t<div class=\"elementor-widget-container\">\n\t\t\t\t\t\t\t\t\t<p>A <a href=\"https:\/\/towerenglish.net\/tower-english\/?lang=ca\">Tower English <\/a>oferim preparaci\u00f3 espec\u00edfica per a la prova de compet\u00e8ncia ling\u00fc\u00edstica per a l&#8217;<strong>examen<\/strong> <strong>oficial<\/strong> <strong>nivell d&#8217;angl\u00e8s aeron\u00e0utic.<\/strong><\/p><p>Tots els pilots han d&#8217;acreditar el seu coneixement de l&#8217;idioma per complir amb els nivells\u00a0exigits per <a href=\"https:\/\/www.icao.int\/about-icao\/pages\/es\/default_es.aspx\" target=\"_blank\" rel=\"noopener\">OACI<\/a> i <a href=\"https:\/\/www.seguridadaerea.gob.es\/es\/ambitos\/formacion-y-examenes\/examenes-de-piloto\" target=\"_blank\" rel=\"noopener\">AESA.<\/a><\/p><p>A la nostra acad\u00e8mia d&#8217;angl\u00e8s comptem amb un professor amb una llarga traject\u00f2ria en la preparaci\u00f3 als estudiants del Centre d&#8217;Estudis Superior d&#8217;Aviaci\u00f3 <a href=\"https:\/\/www.cesda.com\/\" target=\"_blank\" rel=\"noopener\">(CESDA)<\/a> i espec\u00edficament per a la prova d&#8217;COPAC.<\/p><p>Comptem amb un <strong>90% d&#8217;alumnes aprovats<\/strong> en els m\u00e9s de 7 anys que portem impartint aquesta assignatura.<\/p>\t\t\t\t\t\t\t\t<\/div>\n\t\t\t\t<\/div>\n\t\t\t\t\t<\/div>\n\t\t<\/div>\n\t\t\t\t\t<\/div>\n\t\t<\/section>\n\t\t\t\t<section class=\"elementor-section elementor-top-section elementor-element elementor-element-23bb74d elementor-section-boxed elementor-section-height-default elementor-section-height-default elementor-invisible\" data-id=\"23bb74d\" data-element_type=\"section\" data-e-type=\"section\" data-settings=\"{&quot;background_background&quot;:&quot;classic&quot;,&quot;animation&quot;:&quot;fadeIn&quot;}\">\n\t\t\t\t\t\t<div class=\"elementor-container elementor-column-gap-default\">\n\t\t\t\t\t<div class=\"elementor-column elementor-col-100 elementor-top-column elementor-element elementor-element-04bd3f0 animated-slow elementor-invisible\" data-id=\"04bd3f0\" data-element_type=\"column\" data-e-type=\"column\" data-settings=\"{&quot;animation&quot;:&quot;fadeInUp&quot;,&quot;animation_delay&quot;:500}\">\n\t\t\t<div class=\"elementor-widget-wrap elementor-element-populated\">\n\t\t\t\t\t\t<div class=\"elementor-element elementor-element-e31e8b7 elementor-widget elementor-widget-text-editor\" data-id=\"e31e8b7\" data-element_type=\"widget\" data-e-type=\"widget\" data-widget_type=\"text-editor.default\">\n\t\t\t\t<div class=\"elementor-widget-container\">\n\t\t\t\t\t\t\t\t\t<h2>Sol\u00b7licita informaci\u00f3 sobre de les nostres classes d&#8217;angl\u00e8s aeron\u00e0utica<\/h2>\n\t\t\t\t\t\t\t\t<\/div>\n\t\t\t\t<\/div>\n\t\t\t\t<section class=\"elementor-section elementor-inner-section elementor-element elementor-element-3708773 elementor-section-boxed elementor-section-height-default elementor-section-height-default\" data-id=\"3708773\" data-element_type=\"section\" data-e-type=\"section\">\n\t\t\t\t\t\t<div class=\"elementor-container elementor-column-gap-default\">\n\t\t\t\t\t<div class=\"elementor-column elementor-col-100 elementor-inner-column elementor-element elementor-element-207576c\" data-id=\"207576c\" data-element_type=\"column\" data-e-type=\"column\">\n\t\t\t<div class=\"elementor-widget-wrap elementor-element-populated\">\n\t\t\t\t\t\t<div class=\"elementor-element elementor-element-2ea5c33 elementor-align-center elementor-widget elementor-widget-button\" data-id=\"2ea5c33\" data-element_type=\"widget\" data-e-type=\"widget\" data-widget_type=\"button.default\">\n\t\t\t\t<div class=\"elementor-widget-container\">\n\t\t\t\t\t\t\t\t\t<div class=\"elementor-button-wrapper\">\n\t\t\t\t\t<a class=\"elementor-button elementor-button-link elementor-size-lg\" href=\"mailto:info@towerenglish.net?subject=Informacion%20clases%20ingles%20para%20aeronatucia%20\">\n\t\t\t\t\t\t<span class=\"elementor-button-content-wrapper\">\n\t\t\t\t\t\t\t\t\t<span class=\"elementor-button-text\">\u00a1Sol\u00b7licitar informaci\u00f3 ara!<\/span>\n\t\t\t\t\t<\/span>\n\t\t\t\t\t<\/a>\n\t\t\t\t<\/div>\n\t\t\t\t\t\t\t\t<\/div>\n\t\t\t\t<\/div>\n\t\t\t\t\t<\/div>\n\t\t<\/div>\n\t\t\t\t\t<\/div>\n\t\t<\/section>\n\t\t\t\t\t<\/div>\n\t\t<\/div>\n\t\t\t\t\t<\/div>\n\t\t<\/section>\n\t\t\t\t<\/div>\n\t\t","protected":false},"excerpt":{"rendered":"<p>Classes d&#8217;angl\u00e8s per a pilots Aeron\u00e0utica A Tower English oferim preparaci\u00f3 espec\u00edfica per a la prova de compet\u00e8ncia ling\u00fc\u00edstica per a l&#8217;examen oficial nivell d&#8217;angl\u00e8s aeron\u00e0utic. Tots els pilots han d&#8217;acreditar el seu coneixement de l&#8217;idioma per complir amb els nivells\u00a0exigits per OACI i AESA. A la nostra acad\u00e8mia d&#8217;angl\u00e8s comptem amb un professor amb &#8230; <a title=\"Classes d&#8217;angl\u00e8s per a pilots\" class=\"read-more\" href=\"https:\/\/towerenglish.net\/ca\/classes-dangles-per-a-pilots\/\" aria-label=\"M\u00e9s informaci\u00f3 sobre Classes d&#8217;angl\u00e8s per a pilots\">Llegiu m\u00e9s<\/a><\/p>\n","protected":false},"author":1,"featured_media":0,"parent":0,"menu_order":0,"comment_status":"closed","ping_status":"closed","template":"","meta":{"_joinchat":[],"footnotes":""},"class_list":["post-4375","page","type-page","status-publish"],"_links":{"self":[{"href":"https:\/\/towerenglish.net\/ca\/wp-json\/wp\/v2\/pages\/4375","targetHints":{"allow":["GET"]}}],"collection":[{"href":"https:\/\/towerenglish.net\/ca\/wp-json\/wp\/v2\/pages"}],"about":[{"href":"https:\/\/towerenglish.net\/ca\/wp-json\/wp\/v2\/types\/page"}],"author":[{"embeddable":true,"href":"https:\/\/towerenglish.net\/ca\/wp-json\/wp\/v2\/users\/1"}],"replies":[{"embeddable":true,"href":"https:\/\/towerenglish.net\/ca\/wp-json\/wp\/v2\/comments?post=4375"}],"version-history":[{"count":0,"href":"https:\/\/towerenglish.net\/ca\/wp-json\/wp\/v2\/pages\/4375\/revisions"}],"wp:attachment":[{"href":"https:\/\/towerenglish.net\/ca\/wp-json\/wp\/v2\/media?parent=4375"}],"curies":[{"name":"wp","href":"https:\/\/api.w.org\/{rel}","templated":true}]}}